{"id":100,"date":"2016-11-04T20:42:34","date_gmt":"2016-11-04T19:42:34","guid":{"rendered":"http:\/\/tram-werkstatt.de\/?page_id=100"},"modified":"2016-11-04T20:51:51","modified_gmt":"2016-11-04T19:51:51","slug":"spenden","status":"publish","type":"page","link":"http:\/\/tram-werkstatt.de\/?page_id=100","title":{"rendered":"Spenden"},"content":{"rendered":"<p>Die Restaurierung des Cred\u00e9-Triebwagens 227 bedeutet neben der Arbeit auch einen hohen finanziellen Aufwand. Wenn Sie das Projekt finanziell unterst\u00fctzen m\u00f6chen, freuen wir uns \u00fcber Ihre Spende &#8211; Stichwort Triebwagen 227.<\/p>\n<p>Unsere Bankverbindung:<br \/>\nSparkasse Hannover,<br \/>\nBLZ 250 501 80,<br \/>\nKonto 1080 132 465,<br \/>\nIBAN DE69 2505 0180 1080 1324 65,<br \/>\nBIC SPKHDE2HXXX<\/p>\n<p>Ab 50 EUR stellen wir gern eine Spendenbescheinigung aus. Bitte teilen Sie uns hierzu Ihre Anschrift mit. Schon jetzt vielen Dank f\u00fcr Ihre Unterst\u00fctzung.<\/p>\n","protected":false},"excerpt":{"rendered":"<p>Die Restaurierung des Cred\u00e9-Triebwagens 227 bedeutet neben der Arbeit auch einen hohen finanziellen Aufwand. Wenn Sie das Projekt finanziell unterst\u00fctzen m\u00f6chen, freuen wir uns \u00fcber Ihre Spende &#8211; Stichwort Triebwagen 227. Unsere Bankverbindung: Sparkasse Hannover, BLZ 250 501 80, Konto 1080 132 465, IBAN DE69 2505 0180 1080 1324 65, BIC SPKHDE2HXXX Ab 50 EUR&hellip;<\/p>\n","protected":false},"author":1,"featured_media":0,"parent":0,"menu_order":0,"comment_status":"closed","ping_status":"closed","template":"","meta":{"footnotes":""},"class_list":["post-100","page","type-page","status-publish","hentry"],"_links":{"self":[{"href":"http:\/\/tram-werkstatt.de\/index.php?rest_route=\/wp\/v2\/pages\/100","targetHints":{"allow":["GET"]}}],"collection":[{"href":"http:\/\/tram-werkstatt.de\/index.php?rest_route=\/wp\/v2\/pages"}],"about":[{"href":"http:\/\/tram-werkstatt.de\/index.php?rest_route=\/wp\/v2\/types\/page"}],"author":[{"embeddable":true,"href":"http:\/\/tram-werkstatt.de\/index.php?rest_route=\/wp\/v2\/users\/1"}],"replies":[{"embeddable":true,"href":"http:\/\/tram-werkstatt.de\/index.php?rest_route=%2Fwp%2Fv2%2Fcomments&post=100"}],"version-history":[{"count":2,"href":"http:\/\/tram-werkstatt.de\/index.php?rest_route=\/wp\/v2\/pages\/100\/revisions"}],"predecessor-version":[{"id":104,"href":"http:\/\/tram-werkstatt.de\/index.php?rest_route=\/wp\/v2\/pages\/100\/revisions\/104"}],"wp:attachment":[{"href":"http:\/\/tram-werkstatt.de\/index.php?rest_route=%2Fwp%2Fv2%2Fmedia&parent=100"}],"curies":[{"name":"wp","href":"https:\/\/api.w.org\/{rel}","templated":true}]}}